{"id":962,"date":"2012-02-14T21:27:15","date_gmt":"2012-02-14T20:27:15","guid":{"rendered":"http:\/\/www.diarioelectronicohoy.com\/blog\/?page_id=962"},"modified":"2017-03-23T07:49:04","modified_gmt":"2017-03-23T06:49:04","slug":"acerca-de","status":"publish","type":"page","link":"https:\/\/www.diarioelectronicohoy.com\/blog\/acerca-de","title":{"rendered":"Acerca de"},"content":{"rendered":"<p>\u201c<strong><a href=\"https:\/\/www.diarioelectronicohoy.com\/blog\/\">Electr\u00f3nica Pr\u00e1ctica Aplicada<\/a><\/strong>\u201d\u00a0es un blog de <strong>www.diarioelectronicohoy.com<\/strong> basado en aplicaciones tecnol\u00f3gicas did\u00e1cticas, dedicada a difundir la tecnolog\u00eda de la electr\u00f3nica, en el idioma espa\u00f1ol.<\/p>\n<p>Creado por\u00a0Vicente Garc\u00eda, ex-profesional del sector, Ingeniero de Telecomunicaciones con un mont\u00f3n de a\u00f1os de experiencia que intenta explicar, desde 1998, de manera did\u00e1ctica, trucos y montajes electr\u00f3nicos, que propondr\u00e1n nuevas ideas y ayudar\u00e1n a aclarar distintas posibilidades de ejecuci\u00f3n, as\u00ed como mostrar avances en el interesante mundo de la electr\u00f3nica pr\u00e1ctica.<\/p>\n<p>Se pueden encontrar sus datos de\u00a0<strong><a href=\"http:\/\/www.diarioelectronicohoy.com\/contacto\/\">contacto<\/a><\/strong>, para proponer ideas o sugerencias en las p\u00e1ginas de nuestro peri\u00f3dico diarioelectronicohoy.com.<\/p>\n<p>Apoyando la teor\u00eda con ejercicios desde diversos \u00e1ngulos, permitimos que el interesado encuentre la mejor opci\u00f3n o respuesta a su consulta, dejando en sus manos la elecci\u00f3n de aplicar los conocimientos adquiridos en los art\u00edculos que se desarrollan en este sitio.<\/p>\n<p>Presento una serie de art\u00edculos que no siguen ning\u00fan patr\u00f3n did\u00e1ctico, se pueden leer en el orden que se desee, lo que le permite al interesado, empezar por donde puede resolver su problema. Aunque se recomienda que lea todos los apartados.<\/p>\n<p><strong>Advertencia:<\/strong><br \/>\nTodo lo que se encuentra en este sitio, ha sido creado por m\u00ed y est\u00e1 disponible gratuitamente para fines no comerciales. No-asumo ninguna responsabilidad, por cualquier inexactitud en los programas y\/o en el cableado y diagramas, ni de los da\u00f1os derivados de la utilizaci\u00f3n del material proporcionado. Al hacer una copia o descarga, se toma, como una aceptaci\u00f3n impl\u00edcita de uso, bajo su propia responsabilidad.<\/p>\n","protected":false},"excerpt":{"rendered":"<p>\u201cElectr\u00f3nica Pr\u00e1ctica Aplicada\u201d\u00a0es un blog de www.diarioelectronicohoy.com basado en aplicaciones tecnol\u00f3gicas did\u00e1cticas, dedicada a difundir la tecnolog\u00eda de la electr\u00f3nica, en el idioma espa\u00f1ol. Creado por\u00a0Vicente Garc\u00eda, ex-profesional del sector, Ingeniero de Telecomunicaciones con un mont\u00f3n de a\u00f1os de experiencia que intenta explicar, desde 1998, de manera did\u00e1ctica, trucos y montajes electr\u00f3nicos, que propondr\u00e1n nuevas [&hellip;]<\/p>\n","protected":false},"author":4,"featured_media":0,"parent":0,"menu_order":0,"comment_status":"open","ping_status":"closed","template":"","meta":{"_exactmetrics_skip_tracking":false,"_exactmetrics_sitenote_active":false,"_exactmetrics_sitenote_note":"","_exactmetrics_sitenote_category":0,"footnotes":""},"class_list":["post-962","page","type-page","status-publish","hentry"],"aioseo_notices":[],"_links":{"self":[{"href":"https:\/\/www.diarioelectronicohoy.com\/blog\/wp-json\/wp\/v2\/pages\/962","targetHints":{"allow":["GET"]}}],"collection":[{"href":"https:\/\/www.diarioelectronicohoy.com\/blog\/wp-json\/wp\/v2\/pages"}],"about":[{"href":"https:\/\/www.diarioelectronicohoy.com\/blog\/wp-json\/wp\/v2\/types\/page"}],"author":[{"embeddable":true,"href":"https:\/\/www.diarioelectronicohoy.com\/blog\/wp-json\/wp\/v2\/users\/4"}],"replies":[{"embeddable":true,"href":"https:\/\/www.diarioelectronicohoy.com\/blog\/wp-json\/wp\/v2\/comments?post=962"}],"version-history":[{"count":8,"href":"https:\/\/www.diarioelectronicohoy.com\/blog\/wp-json\/wp\/v2\/pages\/962\/revisions"}],"predecessor-version":[{"id":3996,"href":"https:\/\/www.diarioelectronicohoy.com\/blog\/wp-json\/wp\/v2\/pages\/962\/revisions\/3996"}],"wp:attachment":[{"href":"https:\/\/www.diarioelectronicohoy.com\/blog\/wp-json\/wp\/v2\/media?parent=962"}],"curies":[{"name":"wp","href":"https:\/\/api.w.org\/{rel}","templated":true}]}}